{"id":16,"date":"2025-01-20T11:41:25","date_gmt":"2025-01-20T11:41:25","guid":{"rendered":"https:\/\/ingilizceclass.online\/?page_id=16"},"modified":"2025-03-01T23:22:06","modified_gmt":"2025-03-01T23:22:06","slug":"ingilizce-sinifi-istegi","status":"publish","type":"page","link":"https:\/\/ingilizceclass.online\/?page_id=16","title":{"rendered":"S\u0131n\u0131fa kaydol"},"content":{"rendered":"\n<p>Kendi bilgilerinizi ve m\u00fcsait oldu\u011funuz saatleri ders i\u00e7in not edebilirsiniz. E\u011fer kendinizle ilgili ek a\u00e7\u0131klamalar\u0131n\u0131z varsa, a\u00e7\u0131klama b\u00f6l\u00fcm\u00fcne yazabilirsiniz. En k\u0131sa s\u00fcrede sizinle ileti\u015fime ge\u00e7ece\u011fiz.<\/p>\n\n\n\n<div class=\"wpcf7 no-js\" id=\"wpcf7-f13-o1\" lang=\"en-US\" dir=\"ltr\" data-wpcf7-id=\"13\">\n<div class=\"screen-reader-response\"><p role=\"status\" aria-live=\"polite\" aria-atomic=\"true\"><\/p> <ul><\/ul><\/div>\n<form action=\"\/index.php?rest_route=%2Fwp%2Fv2%2Fpages%2F16#wpcf7-f13-o1\" method=\"post\" class=\"wpcf7-form init\" aria-label=\"Contact form\" novalidate=\"novalidate\" data-status=\"init\">\n<fieldset class=\"hidden-fields-container\"><input type=\"hidden\" name=\"_wpcf7\" value=\"13\" \/><input type=\"hidden\" name=\"_wpcf7_version\" value=\"6.1.5\" \/><input type=\"hidden\" name=\"_wpcf7_locale\" value=\"en_US\" \/><input type=\"hidden\" name=\"_wpcf7_unit_tag\" value=\"wpcf7-f13-o1\" \/><input type=\"hidden\" name=\"_wpcf7_container_post\" value=\"0\" \/><input type=\"hidden\" name=\"_wpcf7_posted_data_hash\" value=\"\" \/>\n<\/fieldset>\n<p><label> Your name<br \/>\n<span class=\"wpcf7-form-control-wrap\" data-name=\"your-name\"><input size=\"40\" maxlength=\"400\" class=\"wpcf7-form-control wpcf7-text wpcf7-validates-as-required\" autocomplete=\"name\" aria-required=\"true\" aria-invalid=\"false\" value=\"\" type=\"text\" name=\"your-name\" \/><\/span> <\/label>\n<\/p>\n<p><label> Your email<br \/>\n<span class=\"wpcf7-form-control-wrap\" data-name=\"your-email\"><input size=\"40\" maxlength=\"400\" class=\"wpcf7-form-control wpcf7-email wpcf7-validates-as-required wpcf7-text wpcf7-validates-as-email\" autocomplete=\"email\" aria-required=\"true\" aria-invalid=\"false\" value=\"\" type=\"email\" name=\"your-email\" \/><\/span> <\/label>\n<\/p>\n<p><label> Your PHONE NUMBER<br \/>\n<span class=\"wpcf7-form-control-wrap\" data-name=\"phone\"><input size=\"40\" maxlength=\"400\" class=\"wpcf7-form-control wpcf7-tel wpcf7-validates-as-required wpcf7-text wpcf7-validates-as-tel\" aria-required=\"true\" aria-invalid=\"false\" value=\"\" type=\"tel\" name=\"phone\" \/><\/span> <\/label><br \/>\n<label> Ders Zaman Tercihi (optional)<br \/>\n<span class=\"wpcf7-form-control-wrap\" data-name=\"Ders\"><textarea cols=\"40\" rows=\"10\" maxlength=\"2000\" class=\"wpcf7-form-control wpcf7-textarea\" aria-invalid=\"false\" name=\"Ders\"><\/textarea><\/span> <\/label>\n<\/p>\n<p><label> Your message (optional)<br \/>\n<span class=\"wpcf7-form-control-wrap\" data-name=\"your-message\"><textarea cols=\"40\" rows=\"10\" maxlength=\"2000\" class=\"wpcf7-form-control wpcf7-textarea\" aria-invalid=\"false\" name=\"your-message\"><\/textarea><\/span> <\/label>\n<\/p>\n<p><input class=\"wpcf7-form-control wpcf7-submit has-spinner\" type=\"submit\" value=\"Submit\" \/>\n<\/p><div class=\"wpcf7-response-output\" aria-hidden=\"true\"><\/div>\n<\/form>\n<\/div>\n\n\n\n\n<p><strong>\u0130ngilizceyi Kolayca \u00d6\u011fren!<\/strong><\/p>\n\n\n\n<p>\u00d6nce <a href=\"https:\/\/ingilizceclass.online\/?page_id=46\">\u0130ngilizce seviye tespit s\u0131nav\u0131<\/a> ile seviyeni belirle, sonra sana \u00f6zel programla ilerle!<\/p>\n\n\n\n<p>\u2714\ufe0f <a href=\"https:\/\/ingilizceclass.online\/?page_id=181\">Online ders al<\/a> ve esnek saatlerle \u00f6\u011frenmeye ba\u015fla<\/p>\n\n\n\n<p>\u2714\ufe0f Hemen <a href=\"https:\/\/ingilizceclass.online\/?page_id=16\">s\u0131n\u0131fa kay\u0131t ol<\/a>, \u0130ngilizceni geli\u015ftirmeye ba\u015fla<\/p>\n\n\n\n<p>\u2714\ufe0f <a href=\"https:\/\/ingilizceclass.online\/?page_id=237\">Yeni \u0130ngilizce kelimeler \u00f6\u011frenmek<\/a> i\u00e7in t\u0131kla ve kelime bilginle fark yaratDetaylar i\u00e7in Anasayfaya g\u00f6z at!<\/p>\n\n\n\n<p><\/p>\n\n\n<div class=\"wp-block-image\">\n<figure class=\"aligncenter size-full\"><img loading=\"lazy\" decoding=\"async\" width=\"1024\" height=\"1024\" src=\"https:\/\/ingilizceclass.online\/wp-content\/uploads\/2025\/02\/cartoon-style-image-featuring-teenagers-in-an-online-English-class-1.jpg\" alt=\"\" class=\"wp-image-436\" srcset=\"https:\/\/ingilizceclass.online\/wp-content\/uploads\/2025\/02\/cartoon-style-image-featuring-teenagers-in-an-online-English-class-1.jpg 1024w, https:\/\/ingilizceclass.online\/wp-content\/uploads\/2025\/02\/cartoon-style-image-featuring-teenagers-in-an-online-English-class-1-300x300.jpg 300w, https:\/\/ingilizceclass.online\/wp-content\/uploads\/2025\/02\/cartoon-style-image-featuring-teenagers-in-an-online-English-class-1-150x150.jpg 150w, https:\/\/ingilizceclass.online\/wp-content\/uploads\/2025\/02\/cartoon-style-image-featuring-teenagers-in-an-online-English-class-1-768x768.jpg 768w\" sizes=\"auto, (max-width: 1024px) 100vw, 1024px\" \/><\/figure>\n<\/div>\n\n\n<ul class=\"wp-block-list\">\n<li><strong><img loading=\"lazy\" decoding=\"async\" width=\"30\" height=\"30\" class=\"wp-image-642\" style=\"width: 30px;\" src=\"https:\/\/ingilizceclass.online\/wp-content\/uploads\/2025\/03\/instagram.png\" alt=\"\" srcset=\"https:\/\/ingilizceclass.online\/wp-content\/uploads\/2025\/03\/instagram.png 512w, https:\/\/ingilizceclass.online\/wp-content\/uploads\/2025\/03\/instagram-300x300.png 300w, https:\/\/ingilizceclass.online\/wp-content\/uploads\/2025\/03\/instagram-150x150.png 150w\" sizes=\"auto, (max-width: 30px) 100vw, 30px\" \/><a href=\"https:\/\/www.instagram.com\/onlinengilizce?igsh=dmR3bDBhbGZkZXM0\">   Instagram<\/a><\/strong><\/li>\n<\/ul>\n\n\n\n<ul class=\"wp-block-list\">\n<li><strong><img loading=\"lazy\" decoding=\"async\" width=\"30\" height=\"30\" class=\"wp-image-644\" style=\"width: 30px;\" src=\"https:\/\/ingilizceclass.online\/wp-content\/uploads\/2025\/03\/channels4_profile.jpg\" alt=\"\" srcset=\"https:\/\/ingilizceclass.online\/wp-content\/uploads\/2025\/03\/channels4_profile.jpg 900w, https:\/\/ingilizceclass.online\/wp-content\/uploads\/2025\/03\/channels4_profile-300x300.jpg 300w, https:\/\/ingilizceclass.online\/wp-content\/uploads\/2025\/03\/channels4_profile-150x150.jpg 150w, https:\/\/ingilizceclass.online\/wp-content\/uploads\/2025\/03\/channels4_profile-768x768.jpg 768w\" sizes=\"auto, (max-width: 30px) 100vw, 30px\" \/>   <a href=\"https:\/\/www.tiktok.com\/@ingilizceclass.online?_t=ZS-8uKbeXMxnI9&amp;_r=1\">TikTok<\/a><\/strong><\/li>\n<\/ul>\n\n\n\n<ul class=\"wp-block-list\">\n<li><img loading=\"lazy\" decoding=\"async\" width=\"30\" height=\"22\" class=\"wp-image-646\" style=\"width: 30px;\" src=\"https:\/\/ingilizceclass.online\/wp-content\/uploads\/2025\/03\/youtube-logo-png-46016-1.png\" alt=\"\" srcset=\"https:\/\/ingilizceclass.online\/wp-content\/uploads\/2025\/03\/youtube-logo-png-46016-1.png 864w, https:\/\/ingilizceclass.online\/wp-content\/uploads\/2025\/03\/youtube-logo-png-46016-1-300x221.png 300w, https:\/\/ingilizceclass.online\/wp-content\/uploads\/2025\/03\/youtube-logo-png-46016-1-768x566.png 768w\" sizes=\"auto, (max-width: 30px) 100vw, 30px\" \/>   <a href=\"http:\/\/www.youtube.com\/@onlinengilizce\"><strong>You Tube<\/strong><\/a><\/li>\n<\/ul>\n","protected":false},"excerpt":{"rendered":"<p>Kendi bilgilerinizi ve m\u00fcsait oldu\u011funuz saatleri ders i\u00e7in not edebilirsiniz. E\u011fer kendinizle ilgili ek a\u00e7\u0131klamalar\u0131n\u0131z varsa, a\u00e7\u0131klama b\u00f6l\u00fcm\u00fcne yazabilirsiniz. En k\u0131sa s\u00fcrede sizinle ileti\u015fime ge\u00e7ece\u011fiz. \u0130ngilizceyi Kolayca \u00d6\u011fren! \u00d6nce \u0130ngilizce seviye tespit s\u0131nav\u0131 ile seviyeni belirle, sonra sana \u00f6zel programla ilerle! \u2714\ufe0f Online ders al ve esnek saatlerle \u00f6\u011frenmeye ba\u015fla \u2714\ufe0f Hemen s\u0131n\u0131fa kay\u0131t ol, [&hellip;]<\/p>\n","protected":false},"author":1,"featured_media":0,"parent":0,"menu_order":0,"comment_status":"closed","ping_status":"closed","template":"","meta":{"footnotes":""},"class_list":["post-16","page","type-page","status-publish","hentry"],"yoast_head":"<!-- This site is optimized with the Yoast SEO plugin v27.4 - https:\/\/yoast.com\/product\/yoast-seo-wordpress\/ -->\n<title>S\u0131n\u0131fa kaydol - ingilizceclass.online<\/title>\n<meta name=\"robots\" content=\"index, follow, max-snippet:-1, max-image-preview:large, max-video-preview:-1\" \/>\n<link rel=\"canonical\" href=\"https:\/\/ingilizceclass.online\/?page_id=16\" \/>\n<meta property=\"og:locale\" content=\"en_US\" \/>\n<meta property=\"og:type\" content=\"article\" \/>\n<meta property=\"og:title\" content=\"S\u0131n\u0131fa kaydol - ingilizceclass.online\" \/>\n<meta property=\"og:description\" content=\"Kendi bilgilerinizi ve m\u00fcsait oldu\u011funuz saatleri ders i\u00e7in not edebilirsiniz. E\u011fer kendinizle ilgili ek a\u00e7\u0131klamalar\u0131n\u0131z varsa, a\u00e7\u0131klama b\u00f6l\u00fcm\u00fcne yazabilirsiniz. En k\u0131sa s\u00fcrede sizinle ileti\u015fime ge\u00e7ece\u011fiz. \u0130ngilizceyi Kolayca \u00d6\u011fren! \u00d6nce \u0130ngilizce seviye tespit s\u0131nav\u0131 ile seviyeni belirle, sonra sana \u00f6zel programla ilerle! \u2714\ufe0f Online ders al ve esnek saatlerle \u00f6\u011frenmeye ba\u015fla \u2714\ufe0f Hemen s\u0131n\u0131fa kay\u0131t ol, [&hellip;]\" \/>\n<meta property=\"og:url\" content=\"https:\/\/ingilizceclass.online\/?page_id=16\" \/>\n<meta property=\"og:site_name\" content=\"ingilizceclass.online\" \/>\n<meta property=\"article:modified_time\" content=\"2025-03-01T23:22:06+00:00\" \/>\n<meta property=\"og:image\" content=\"https:\/\/ingilizceclass.online\/wp-content\/uploads\/2025\/02\/cartoon-style-image-featuring-teenagers-in-an-online-English-class-1.jpg\" \/>\n<meta name=\"twitter:card\" content=\"summary_large_image\" \/>\n<meta name=\"twitter:label1\" content=\"Est. reading time\" \/>\n\t<meta name=\"twitter:data1\" content=\"1 minute\" \/>\n<script type=\"application\/ld+json\" class=\"yoast-schema-graph\">{\"@context\":\"https:\\\/\\\/schema.org\",\"@graph\":[{\"@type\":\"WebPage\",\"@id\":\"https:\\\/\\\/ingilizceclass.online\\\/?page_id=16\",\"url\":\"https:\\\/\\\/ingilizceclass.online\\\/?page_id=16\",\"name\":\"S\u0131n\u0131fa kaydol - ingilizceclass.online\",\"isPartOf\":{\"@id\":\"https:\\\/\\\/ingilizceclass.online\\\/#website\"},\"primaryImageOfPage\":{\"@id\":\"https:\\\/\\\/ingilizceclass.online\\\/?page_id=16#primaryimage\"},\"image\":{\"@id\":\"https:\\\/\\\/ingilizceclass.online\\\/?page_id=16#primaryimage\"},\"thumbnailUrl\":\"https:\\\/\\\/ingilizceclass.online\\\/wp-content\\\/uploads\\\/2025\\\/02\\\/cartoon-style-image-featuring-teenagers-in-an-online-English-class-1.jpg\",\"datePublished\":\"2025-01-20T11:41:25+00:00\",\"dateModified\":\"2025-03-01T23:22:06+00:00\",\"breadcrumb\":{\"@id\":\"https:\\\/\\\/ingilizceclass.online\\\/?page_id=16#breadcrumb\"},\"inLanguage\":\"en-US\",\"potentialAction\":[{\"@type\":\"ReadAction\",\"target\":[\"https:\\\/\\\/ingilizceclass.online\\\/?page_id=16\"]}]},{\"@type\":\"ImageObject\",\"inLanguage\":\"en-US\",\"@id\":\"https:\\\/\\\/ingilizceclass.online\\\/?page_id=16#primaryimage\",\"url\":\"https:\\\/\\\/ingilizceclass.online\\\/wp-content\\\/uploads\\\/2025\\\/02\\\/cartoon-style-image-featuring-teenagers-in-an-online-English-class-1.jpg\",\"contentUrl\":\"https:\\\/\\\/ingilizceclass.online\\\/wp-content\\\/uploads\\\/2025\\\/02\\\/cartoon-style-image-featuring-teenagers-in-an-online-English-class-1.jpg\",\"width\":1024,\"height\":1024},{\"@type\":\"BreadcrumbList\",\"@id\":\"https:\\\/\\\/ingilizceclass.online\\\/?page_id=16#breadcrumb\",\"itemListElement\":[{\"@type\":\"ListItem\",\"position\":1,\"name\":\"Home\",\"item\":\"https:\\\/\\\/ingilizceclass.online\\\/\"},{\"@type\":\"ListItem\",\"position\":2,\"name\":\"S\u0131n\u0131fa kaydol\"}]},{\"@type\":\"WebSite\",\"@id\":\"https:\\\/\\\/ingilizceclass.online\\\/#website\",\"url\":\"https:\\\/\\\/ingilizceclass.online\\\/\",\"name\":\"ingilizceclass.online\",\"description\":\"\",\"potentialAction\":[{\"@type\":\"SearchAction\",\"target\":{\"@type\":\"EntryPoint\",\"urlTemplate\":\"https:\\\/\\\/ingilizceclass.online\\\/?s={search_term_string}\"},\"query-input\":{\"@type\":\"PropertyValueSpecification\",\"valueRequired\":true,\"valueName\":\"search_term_string\"}}],\"inLanguage\":\"en-US\"}]}<\/script>\n<!-- \/ Yoast SEO plugin. -->","yoast_head_json":{"title":"S\u0131n\u0131fa kaydol - ingilizceclass.online","robots":{"index":"index","follow":"follow","max-snippet":"max-snippet:-1","max-image-preview":"max-image-preview:large","max-video-preview":"max-video-preview:-1"},"canonical":"https:\/\/ingilizceclass.online\/?page_id=16","og_locale":"en_US","og_type":"article","og_title":"S\u0131n\u0131fa kaydol - ingilizceclass.online","og_description":"Kendi bilgilerinizi ve m\u00fcsait oldu\u011funuz saatleri ders i\u00e7in not edebilirsiniz. E\u011fer kendinizle ilgili ek a\u00e7\u0131klamalar\u0131n\u0131z varsa, a\u00e7\u0131klama b\u00f6l\u00fcm\u00fcne yazabilirsiniz. En k\u0131sa s\u00fcrede sizinle ileti\u015fime ge\u00e7ece\u011fiz. \u0130ngilizceyi Kolayca \u00d6\u011fren! \u00d6nce \u0130ngilizce seviye tespit s\u0131nav\u0131 ile seviyeni belirle, sonra sana \u00f6zel programla ilerle! \u2714\ufe0f Online ders al ve esnek saatlerle \u00f6\u011frenmeye ba\u015fla \u2714\ufe0f Hemen s\u0131n\u0131fa kay\u0131t ol, [&hellip;]","og_url":"https:\/\/ingilizceclass.online\/?page_id=16","og_site_name":"ingilizceclass.online","article_modified_time":"2025-03-01T23:22:06+00:00","og_image":[{"url":"https:\/\/ingilizceclass.online\/wp-content\/uploads\/2025\/02\/cartoon-style-image-featuring-teenagers-in-an-online-English-class-1.jpg","type":"","width":"","height":""}],"twitter_card":"summary_large_image","twitter_misc":{"Est. reading time":"1 minute"},"schema":{"@context":"https:\/\/schema.org","@graph":[{"@type":"WebPage","@id":"https:\/\/ingilizceclass.online\/?page_id=16","url":"https:\/\/ingilizceclass.online\/?page_id=16","name":"S\u0131n\u0131fa kaydol - ingilizceclass.online","isPartOf":{"@id":"https:\/\/ingilizceclass.online\/#website"},"primaryImageOfPage":{"@id":"https:\/\/ingilizceclass.online\/?page_id=16#primaryimage"},"image":{"@id":"https:\/\/ingilizceclass.online\/?page_id=16#primaryimage"},"thumbnailUrl":"https:\/\/ingilizceclass.online\/wp-content\/uploads\/2025\/02\/cartoon-style-image-featuring-teenagers-in-an-online-English-class-1.jpg","datePublished":"2025-01-20T11:41:25+00:00","dateModified":"2025-03-01T23:22:06+00:00","breadcrumb":{"@id":"https:\/\/ingilizceclass.online\/?page_id=16#breadcrumb"},"inLanguage":"en-US","potentialAction":[{"@type":"ReadAction","target":["https:\/\/ingilizceclass.online\/?page_id=16"]}]},{"@type":"ImageObject","inLanguage":"en-US","@id":"https:\/\/ingilizceclass.online\/?page_id=16#primaryimage","url":"https:\/\/ingilizceclass.online\/wp-content\/uploads\/2025\/02\/cartoon-style-image-featuring-teenagers-in-an-online-English-class-1.jpg","contentUrl":"https:\/\/ingilizceclass.online\/wp-content\/uploads\/2025\/02\/cartoon-style-image-featuring-teenagers-in-an-online-English-class-1.jpg","width":1024,"height":1024},{"@type":"BreadcrumbList","@id":"https:\/\/ingilizceclass.online\/?page_id=16#breadcrumb","itemListElement":[{"@type":"ListItem","position":1,"name":"Home","item":"https:\/\/ingilizceclass.online\/"},{"@type":"ListItem","position":2,"name":"S\u0131n\u0131fa kaydol"}]},{"@type":"WebSite","@id":"https:\/\/ingilizceclass.online\/#website","url":"https:\/\/ingilizceclass.online\/","name":"ingilizceclass.online","description":"","potentialAction":[{"@type":"SearchAction","target":{"@type":"EntryPoint","urlTemplate":"https:\/\/ingilizceclass.online\/?s={search_term_string}"},"query-input":{"@type":"PropertyValueSpecification","valueRequired":true,"valueName":"search_term_string"}}],"inLanguage":"en-US"}]}},"_links":{"self":[{"href":"https:\/\/ingilizceclass.online\/index.php?rest_route=\/wp\/v2\/pages\/16","targetHints":{"allow":["GET"]}}],"collection":[{"href":"https:\/\/ingilizceclass.online\/index.php?rest_route=\/wp\/v2\/pages"}],"about":[{"href":"https:\/\/ingilizceclass.online\/index.php?rest_route=\/wp\/v2\/types\/page"}],"author":[{"embeddable":true,"href":"https:\/\/ingilizceclass.online\/index.php?rest_route=\/wp\/v2\/users\/1"}],"replies":[{"embeddable":true,"href":"https:\/\/ingilizceclass.online\/index.php?rest_route=%2Fwp%2Fv2%2Fcomments&post=16"}],"version-history":[{"count":5,"href":"https:\/\/ingilizceclass.online\/index.php?rest_route=\/wp\/v2\/pages\/16\/revisions"}],"predecessor-version":[{"id":650,"href":"https:\/\/ingilizceclass.online\/index.php?rest_route=\/wp\/v2\/pages\/16\/revisions\/650"}],"wp:attachment":[{"href":"https:\/\/ingilizceclass.online\/index.php?rest_route=%2Fwp%2Fv2%2Fmedia&parent=16"}],"curies":[{"name":"wp","href":"https:\/\/api.w.org\/{rel}","templated":true}]}}