{"id":181,"date":"2025-01-21T21:02:20","date_gmt":"2025-01-21T21:02:20","guid":{"rendered":"https:\/\/ingilizceclass.online\/?page_id=181"},"modified":"2025-03-01T23:21:47","modified_gmt":"2025-03-01T23:21:47","slug":"online-class","status":"publish","type":"page","link":"https:\/\/ingilizceclass.online\/?page_id=181","title":{"rendered":"Online ders al"},"content":{"rendered":"\n<p><\/p>\n\n\n\n<h1 class=\"wp-block-heading\"><strong>Online Class<\/strong><\/h1>\n\n\n\n<p>you can enter to the class by pressing button below .<\/p>\n\n\n\n<p> iyi dersler .<\/p>\n\n\n\n<div class=\"wp-block-buttons is-layout-flex wp-block-buttons-is-layout-flex\">\n<div class=\"wp-block-button\"><a class=\"wp-block-button__link wp-element-button\" href=\"https:\/\/meet.google.com\/kmm-acck-pua\">Enter the class<\/a><\/div>\n<\/div>\n\n\n<div class=\"wp-block-image\">\n<figure class=\"aligncenter size-full\"><img loading=\"lazy\" decoding=\"async\" width=\"1024\" height=\"1024\" src=\"https:\/\/ingilizceclass.online\/wp-content\/uploads\/2025\/02\/cartoon-style-image-featuring-teenagers-in-an-online-English-class-2.jpg\" alt=\"\" class=\"wp-image-434\" srcset=\"https:\/\/ingilizceclass.online\/wp-content\/uploads\/2025\/02\/cartoon-style-image-featuring-teenagers-in-an-online-English-class-2.jpg 1024w, https:\/\/ingilizceclass.online\/wp-content\/uploads\/2025\/02\/cartoon-style-image-featuring-teenagers-in-an-online-English-class-2-300x300.jpg 300w, https:\/\/ingilizceclass.online\/wp-content\/uploads\/2025\/02\/cartoon-style-image-featuring-teenagers-in-an-online-English-class-2-150x150.jpg 150w, https:\/\/ingilizceclass.online\/wp-content\/uploads\/2025\/02\/cartoon-style-image-featuring-teenagers-in-an-online-English-class-2-768x768.jpg 768w\" sizes=\"auto, (max-width: 1024px) 100vw, 1024px\" \/><\/figure>\n<\/div>\n\n\n<p><strong>\u00d6zel \u0130ngilizce Dersleri ile Hedefine Ula\u015f!<\/strong><\/p>\n\n\n\n<p>\u00d6nce <a href=\"https:\/\/ingilizceclass.online\/?page_id=46\">\u0130ngilizce seviye tespit s\u0131nav\u0131<\/a> ile seviyeni belirle, sonra sana \u00f6zel ders program\u0131yla \u0130ngilizceni geli\u015ftirmeye ba\u015fla!<\/p>\n\n\n\n<p>\u2714\ufe0f <a href=\"https:\/\/ingilizceclass.online\/?page_id=181\">Online ders al<\/a> ve diledi\u011fin yerden \u00f6\u011fren<\/p>\n\n\n\n<p>\u2714\ufe0f Hemen <a href=\"https:\/\/ingilizceclass.online\/?page_id=16\">s\u0131n\u0131fa kay\u0131t ol<\/a>, \u0130ngilizce konu\u015fmaya bir ad\u0131m daha yakla\u015f<\/p>\n\n\n\n<p>\u2714\ufe0f <a href=\"https:\/\/ingilizceclass.online\/?page_id=237\">Yeni \u0130ngilizce kelimeler \u00f6\u011fren<\/a>mek i\u00e7in t\u0131kla ve kelime bilginle fark yaratDetaylar i\u00e7in <a href=\"https:\/\/ingilizceclass.online\/\">Anasayfaya<\/a> g\u00f6z at ve \u00f6\u011frenmeye ba\u015fla!<\/p>\n\n\n\n<ul class=\"wp-block-list\">\n<li><strong><img loading=\"lazy\" decoding=\"async\" width=\"30\" height=\"30\" class=\"wp-image-642\" style=\"width: 30px;\" src=\"https:\/\/ingilizceclass.online\/wp-content\/uploads\/2025\/03\/instagram.png\" alt=\"\" srcset=\"https:\/\/ingilizceclass.online\/wp-content\/uploads\/2025\/03\/instagram.png 512w, https:\/\/ingilizceclass.online\/wp-content\/uploads\/2025\/03\/instagram-300x300.png 300w, https:\/\/ingilizceclass.online\/wp-content\/uploads\/2025\/03\/instagram-150x150.png 150w\" sizes=\"auto, (max-width: 30px) 100vw, 30px\" \/><a href=\"https:\/\/www.instagram.com\/onlinengilizce?igsh=dmR3bDBhbGZkZXM0\">   Instagram<\/a><\/strong><\/li>\n<\/ul>\n\n\n\n<ul class=\"wp-block-list\">\n<li><strong><img loading=\"lazy\" decoding=\"async\" width=\"30\" height=\"30\" class=\"wp-image-644\" style=\"width: 30px;\" src=\"https:\/\/ingilizceclass.online\/wp-content\/uploads\/2025\/03\/channels4_profile.jpg\" alt=\"\" srcset=\"https:\/\/ingilizceclass.online\/wp-content\/uploads\/2025\/03\/channels4_profile.jpg 900w, https:\/\/ingilizceclass.online\/wp-content\/uploads\/2025\/03\/channels4_profile-300x300.jpg 300w, https:\/\/ingilizceclass.online\/wp-content\/uploads\/2025\/03\/channels4_profile-150x150.jpg 150w, https:\/\/ingilizceclass.online\/wp-content\/uploads\/2025\/03\/channels4_profile-768x768.jpg 768w\" sizes=\"auto, (max-width: 30px) 100vw, 30px\" \/>   <a href=\"https:\/\/www.tiktok.com\/@ingilizceclass.online?_t=ZS-8uKbeXMxnI9&amp;_r=1\">TikTok<\/a><\/strong><\/li>\n<\/ul>\n\n\n\n<ul class=\"wp-block-list\">\n<li><img loading=\"lazy\" decoding=\"async\" width=\"30\" height=\"22\" class=\"wp-image-646\" style=\"width: 30px;\" src=\"https:\/\/ingilizceclass.online\/wp-content\/uploads\/2025\/03\/youtube-logo-png-46016-1.png\" alt=\"\" srcset=\"https:\/\/ingilizceclass.online\/wp-content\/uploads\/2025\/03\/youtube-logo-png-46016-1.png 864w, https:\/\/ingilizceclass.online\/wp-content\/uploads\/2025\/03\/youtube-logo-png-46016-1-300x221.png 300w, https:\/\/ingilizceclass.online\/wp-content\/uploads\/2025\/03\/youtube-logo-png-46016-1-768x566.png 768w\" sizes=\"auto, (max-width: 30px) 100vw, 30px\" \/>   <a href=\"http:\/\/www.youtube.com\/@onlinengilizce\"><strong>You Tube<\/strong><\/a><\/li>\n<\/ul>\n","protected":false},"excerpt":{"rendered":"<p>Online Class you can enter to the class by pressing button below . iyi dersler . \u00d6zel \u0130ngilizce Dersleri ile Hedefine Ula\u015f! \u00d6nce \u0130ngilizce seviye tespit s\u0131nav\u0131 ile seviyeni belirle, sonra sana \u00f6zel ders program\u0131yla \u0130ngilizceni geli\u015ftirmeye ba\u015fla! \u2714\ufe0f Online ders al ve diledi\u011fin yerden \u00f6\u011fren \u2714\ufe0f Hemen s\u0131n\u0131fa kay\u0131t ol, \u0130ngilizce konu\u015fmaya bir ad\u0131m [&hellip;]<\/p>\n","protected":false},"author":1,"featured_media":0,"parent":0,"menu_order":0,"comment_status":"closed","ping_status":"closed","template":"","meta":{"footnotes":""},"class_list":["post-181","page","type-page","status-publish","hentry"],"yoast_head":"<!-- This site is optimized with the Yoast SEO plugin v27.4 - https:\/\/yoast.com\/product\/yoast-seo-wordpress\/ -->\n<title>Online ders al - ingilizceclass.online<\/title>\n<meta name=\"robots\" content=\"index, follow, max-snippet:-1, max-image-preview:large, max-video-preview:-1\" \/>\n<link rel=\"canonical\" href=\"https:\/\/ingilizceclass.online\/?page_id=181\" \/>\n<meta property=\"og:locale\" content=\"en_US\" \/>\n<meta property=\"og:type\" content=\"article\" \/>\n<meta property=\"og:title\" content=\"Online ders al - ingilizceclass.online\" \/>\n<meta property=\"og:description\" content=\"Online Class you can enter to the class by pressing button below . iyi dersler . \u00d6zel \u0130ngilizce Dersleri ile Hedefine Ula\u015f! \u00d6nce \u0130ngilizce seviye tespit s\u0131nav\u0131 ile seviyeni belirle, sonra sana \u00f6zel ders program\u0131yla \u0130ngilizceni geli\u015ftirmeye ba\u015fla! \u2714\ufe0f Online ders al ve diledi\u011fin yerden \u00f6\u011fren \u2714\ufe0f Hemen s\u0131n\u0131fa kay\u0131t ol, \u0130ngilizce konu\u015fmaya bir ad\u0131m [&hellip;]\" \/>\n<meta property=\"og:url\" content=\"https:\/\/ingilizceclass.online\/?page_id=181\" \/>\n<meta property=\"og:site_name\" content=\"ingilizceclass.online\" \/>\n<meta property=\"article:modified_time\" content=\"2025-03-01T23:21:47+00:00\" \/>\n<meta property=\"og:image\" content=\"https:\/\/ingilizceclass.online\/wp-content\/uploads\/2025\/02\/cartoon-style-image-featuring-teenagers-in-an-online-English-class-2.jpg\" \/>\n<meta name=\"twitter:card\" content=\"summary_large_image\" \/>\n<meta name=\"twitter:label1\" content=\"Est. reading time\" \/>\n\t<meta name=\"twitter:data1\" content=\"1 minute\" \/>\n<script type=\"application\/ld+json\" class=\"yoast-schema-graph\">{\"@context\":\"https:\\\/\\\/schema.org\",\"@graph\":[{\"@type\":\"WebPage\",\"@id\":\"https:\\\/\\\/ingilizceclass.online\\\/?page_id=181\",\"url\":\"https:\\\/\\\/ingilizceclass.online\\\/?page_id=181\",\"name\":\"Online ders al - ingilizceclass.online\",\"isPartOf\":{\"@id\":\"https:\\\/\\\/ingilizceclass.online\\\/#website\"},\"primaryImageOfPage\":{\"@id\":\"https:\\\/\\\/ingilizceclass.online\\\/?page_id=181#primaryimage\"},\"image\":{\"@id\":\"https:\\\/\\\/ingilizceclass.online\\\/?page_id=181#primaryimage\"},\"thumbnailUrl\":\"https:\\\/\\\/ingilizceclass.online\\\/wp-content\\\/uploads\\\/2025\\\/02\\\/cartoon-style-image-featuring-teenagers-in-an-online-English-class-2.jpg\",\"datePublished\":\"2025-01-21T21:02:20+00:00\",\"dateModified\":\"2025-03-01T23:21:47+00:00\",\"breadcrumb\":{\"@id\":\"https:\\\/\\\/ingilizceclass.online\\\/?page_id=181#breadcrumb\"},\"inLanguage\":\"en-US\",\"potentialAction\":[{\"@type\":\"ReadAction\",\"target\":[\"https:\\\/\\\/ingilizceclass.online\\\/?page_id=181\"]}]},{\"@type\":\"ImageObject\",\"inLanguage\":\"en-US\",\"@id\":\"https:\\\/\\\/ingilizceclass.online\\\/?page_id=181#primaryimage\",\"url\":\"https:\\\/\\\/ingilizceclass.online\\\/wp-content\\\/uploads\\\/2025\\\/02\\\/cartoon-style-image-featuring-teenagers-in-an-online-English-class-2.jpg\",\"contentUrl\":\"https:\\\/\\\/ingilizceclass.online\\\/wp-content\\\/uploads\\\/2025\\\/02\\\/cartoon-style-image-featuring-teenagers-in-an-online-English-class-2.jpg\",\"width\":1024,\"height\":1024},{\"@type\":\"BreadcrumbList\",\"@id\":\"https:\\\/\\\/ingilizceclass.online\\\/?page_id=181#breadcrumb\",\"itemListElement\":[{\"@type\":\"ListItem\",\"position\":1,\"name\":\"Home\",\"item\":\"https:\\\/\\\/ingilizceclass.online\\\/\"},{\"@type\":\"ListItem\",\"position\":2,\"name\":\"Online ders al\"}]},{\"@type\":\"WebSite\",\"@id\":\"https:\\\/\\\/ingilizceclass.online\\\/#website\",\"url\":\"https:\\\/\\\/ingilizceclass.online\\\/\",\"name\":\"ingilizceclass.online\",\"description\":\"\",\"potentialAction\":[{\"@type\":\"SearchAction\",\"target\":{\"@type\":\"EntryPoint\",\"urlTemplate\":\"https:\\\/\\\/ingilizceclass.online\\\/?s={search_term_string}\"},\"query-input\":{\"@type\":\"PropertyValueSpecification\",\"valueRequired\":true,\"valueName\":\"search_term_string\"}}],\"inLanguage\":\"en-US\"}]}<\/script>\n<!-- \/ Yoast SEO plugin. -->","yoast_head_json":{"title":"Online ders al - ingilizceclass.online","robots":{"index":"index","follow":"follow","max-snippet":"max-snippet:-1","max-image-preview":"max-image-preview:large","max-video-preview":"max-video-preview:-1"},"canonical":"https:\/\/ingilizceclass.online\/?page_id=181","og_locale":"en_US","og_type":"article","og_title":"Online ders al - ingilizceclass.online","og_description":"Online Class you can enter to the class by pressing button below . iyi dersler . \u00d6zel \u0130ngilizce Dersleri ile Hedefine Ula\u015f! \u00d6nce \u0130ngilizce seviye tespit s\u0131nav\u0131 ile seviyeni belirle, sonra sana \u00f6zel ders program\u0131yla \u0130ngilizceni geli\u015ftirmeye ba\u015fla! \u2714\ufe0f Online ders al ve diledi\u011fin yerden \u00f6\u011fren \u2714\ufe0f Hemen s\u0131n\u0131fa kay\u0131t ol, \u0130ngilizce konu\u015fmaya bir ad\u0131m [&hellip;]","og_url":"https:\/\/ingilizceclass.online\/?page_id=181","og_site_name":"ingilizceclass.online","article_modified_time":"2025-03-01T23:21:47+00:00","og_image":[{"url":"https:\/\/ingilizceclass.online\/wp-content\/uploads\/2025\/02\/cartoon-style-image-featuring-teenagers-in-an-online-English-class-2.jpg","type":"","width":"","height":""}],"twitter_card":"summary_large_image","twitter_misc":{"Est. reading time":"1 minute"},"schema":{"@context":"https:\/\/schema.org","@graph":[{"@type":"WebPage","@id":"https:\/\/ingilizceclass.online\/?page_id=181","url":"https:\/\/ingilizceclass.online\/?page_id=181","name":"Online ders al - ingilizceclass.online","isPartOf":{"@id":"https:\/\/ingilizceclass.online\/#website"},"primaryImageOfPage":{"@id":"https:\/\/ingilizceclass.online\/?page_id=181#primaryimage"},"image":{"@id":"https:\/\/ingilizceclass.online\/?page_id=181#primaryimage"},"thumbnailUrl":"https:\/\/ingilizceclass.online\/wp-content\/uploads\/2025\/02\/cartoon-style-image-featuring-teenagers-in-an-online-English-class-2.jpg","datePublished":"2025-01-21T21:02:20+00:00","dateModified":"2025-03-01T23:21:47+00:00","breadcrumb":{"@id":"https:\/\/ingilizceclass.online\/?page_id=181#breadcrumb"},"inLanguage":"en-US","potentialAction":[{"@type":"ReadAction","target":["https:\/\/ingilizceclass.online\/?page_id=181"]}]},{"@type":"ImageObject","inLanguage":"en-US","@id":"https:\/\/ingilizceclass.online\/?page_id=181#primaryimage","url":"https:\/\/ingilizceclass.online\/wp-content\/uploads\/2025\/02\/cartoon-style-image-featuring-teenagers-in-an-online-English-class-2.jpg","contentUrl":"https:\/\/ingilizceclass.online\/wp-content\/uploads\/2025\/02\/cartoon-style-image-featuring-teenagers-in-an-online-English-class-2.jpg","width":1024,"height":1024},{"@type":"BreadcrumbList","@id":"https:\/\/ingilizceclass.online\/?page_id=181#breadcrumb","itemListElement":[{"@type":"ListItem","position":1,"name":"Home","item":"https:\/\/ingilizceclass.online\/"},{"@type":"ListItem","position":2,"name":"Online ders al"}]},{"@type":"WebSite","@id":"https:\/\/ingilizceclass.online\/#website","url":"https:\/\/ingilizceclass.online\/","name":"ingilizceclass.online","description":"","potentialAction":[{"@type":"SearchAction","target":{"@type":"EntryPoint","urlTemplate":"https:\/\/ingilizceclass.online\/?s={search_term_string}"},"query-input":{"@type":"PropertyValueSpecification","valueRequired":true,"valueName":"search_term_string"}}],"inLanguage":"en-US"}]}},"_links":{"self":[{"href":"https:\/\/ingilizceclass.online\/index.php?rest_route=\/wp\/v2\/pages\/181","targetHints":{"allow":["GET"]}}],"collection":[{"href":"https:\/\/ingilizceclass.online\/index.php?rest_route=\/wp\/v2\/pages"}],"about":[{"href":"https:\/\/ingilizceclass.online\/index.php?rest_route=\/wp\/v2\/types\/page"}],"author":[{"embeddable":true,"href":"https:\/\/ingilizceclass.online\/index.php?rest_route=\/wp\/v2\/users\/1"}],"replies":[{"embeddable":true,"href":"https:\/\/ingilizceclass.online\/index.php?rest_route=%2Fwp%2Fv2%2Fcomments&post=181"}],"version-history":[{"count":5,"href":"https:\/\/ingilizceclass.online\/index.php?rest_route=\/wp\/v2\/pages\/181\/revisions"}],"predecessor-version":[{"id":649,"href":"https:\/\/ingilizceclass.online\/index.php?rest_route=\/wp\/v2\/pages\/181\/revisions\/649"}],"wp:attachment":[{"href":"https:\/\/ingilizceclass.online\/index.php?rest_route=%2Fwp%2Fv2%2Fmedia&parent=181"}],"curies":[{"name":"wp","href":"https:\/\/api.w.org\/{rel}","templated":true}]}}