{"id":237,"date":"2025-02-17T08:00:31","date_gmt":"2025-02-17T08:00:31","guid":{"rendered":"https:\/\/ingilizceclass.online\/?page_id=237"},"modified":"2025-03-01T23:22:47","modified_gmt":"2025-03-01T23:22:47","slug":"yeni-ingilizce-kelimeler-ogrenmek","status":"publish","type":"page","link":"https:\/\/ingilizceclass.online\/?page_id=237","title":{"rendered":"Yeni \u0130ngilizce kelimeler \u00f6\u011fren"},"content":{"rendered":"\n<p><strong>Yeni \u0130ngilizce Kelimeler \u00d6\u011frenmek Art\u0131k \u00c7ok Kolay!<\/strong><\/p>\n\n\n\n<p>Kelime bilginizi geli\u015ftirerek \u0130ngilizce konu\u015fma ve anlama becerinizi g\u00fc\u00e7lendirebilirsiniz. G\u00fcnl\u00fck hayatta en s\u0131k kullan\u0131lan kelimeleri \u00f6\u011frenerek, c\u00fcmle kurmakta zorlanmadan ileti\u015fim kurabilirsiniz.<\/p>\n\n\n\n<div class=\"wp-block-group is-layout-grid wp-container-core-group-is-layout-478b6e6b wp-block-group-is-layout-grid\">\n<div class=\"wp-block-buttons is-content-justification-center is-layout-flex wp-container-core-buttons-is-layout-a89b3969 wp-block-buttons-is-layout-flex\">\n<div class=\"wp-block-button\"><a class=\"wp-block-button__link wp-element-button\" href=\"https:\/\/youtube.com\/playlist?list=PLz6-Erwe_ALkY7LWp0bw6E3K5VxHZa6nh&amp;si=fi1vLU26ZehrNoJU\">Level 1<\/a><\/div>\n<\/div>\n\n\n\n<div class=\"wp-block-buttons is-content-justification-center is-layout-flex wp-container-core-buttons-is-layout-a89b3969 wp-block-buttons-is-layout-flex\">\n<div class=\"wp-block-button\"><a class=\"wp-block-button__link wp-element-button\" href=\"https:\/\/www.youtube.com\/playlist?list=PLz6-Erwe_ALmb9G2X_h8pSP7RKYtnenqZ\">Level 2<\/a><\/div>\n<\/div>\n\n\n\n<div class=\"wp-block-buttons is-content-justification-center is-layout-flex wp-container-core-buttons-is-layout-a89b3969 wp-block-buttons-is-layout-flex\">\n<div class=\"wp-block-button\"><a class=\"wp-block-button__link has-text-align-center wp-element-button\" href=\"https:\/\/youtube.com\/playlist?list=PLz6-Erwe_ALmYs-qwnHdXUgJOjslNTrn3&amp;si=wRgu2JjmdymX1InQ\">Level 3<\/a><\/div>\n<\/div>\n\n\n\n<div class=\"wp-block-buttons is-content-justification-center is-layout-flex wp-container-core-buttons-is-layout-a89b3969 wp-block-buttons-is-layout-flex\">\n<div class=\"wp-block-button\"><a class=\"wp-block-button__link wp-element-button\" href=\"https:\/\/www.youtube.com\/playlist?list=PLz6-Erwe_ALn0dHIJ9NtTKXfRXY0QnvAT\">Level 4<\/a><\/div>\n<\/div>\n\n\n\n<div class=\"wp-block-buttons is-content-justification-center is-layout-flex wp-container-core-buttons-is-layout-a89b3969 wp-block-buttons-is-layout-flex\">\n<div class=\"wp-block-button\"><a class=\"wp-block-button__link wp-element-button\" href=\"https:\/\/www.youtube.com\/playlist?list=PLz6-Erwe_ALn2BH0LgJvu-l2yuEw5JJ7T\">Level 5<\/a><\/div>\n<\/div>\n\n\n\n<div class=\"wp-block-buttons is-content-justification-center is-layout-flex wp-container-core-buttons-is-layout-a89b3969 wp-block-buttons-is-layout-flex\">\n<div class=\"wp-block-button\"><a class=\"wp-block-button__link has-text-align-center wp-element-button\" href=\"https:\/\/www.youtube.com\/playlist?list=PLz6-Erwe_ALmpCyT_M7V4aAKJTMQ7dVtp\">Level 6<\/a><\/div>\n<\/div>\n<\/div>\n\n\n\n<p>\u00d6ncelikle <strong><a href=\"https:\/\/ingilizceclass.online\/?page_id=46\">\u0130ngilizce seviye tespit s\u0131nav\u0131<\/a><\/strong> ile seviyeni belirle, ard\u0131ndan sana \u00f6zel bir \u00f6\u011frenme plan\u0131 olu\u015fturay\u0131m!<\/p>\n\n\n\n<p>\u2714\ufe0f<a href=\"https:\/\/ingilizceclass.online\/?page_id=181\"> <strong>Online ders al<\/strong> <\/a>ve diledi\u011fin yerden \u00f6\u011frenmeye ba\u015fla<br>\u2714\ufe0f Hemen <strong><a href=\"https:\/\/ingilizceclass.online\/?page_id=16\">s\u0131n\u0131fa kay\u0131t ol<\/a><\/strong>, \u0130ngilizceni geli\u015ftirmek i\u00e7in ilk ad\u0131m\u0131 at<br>\u2714\ufe0f Daha fazla detay i\u00e7in <strong><a href=\"https:\/\/ingilizceclass.online\/\">Anasayfa<\/a><\/strong>ya g\u00f6z at! \ud83d\ude80<\/p>\n\n\n<div class=\"wp-block-image\">\n<figure class=\"aligncenter size-full\"><img loading=\"lazy\" decoding=\"async\" width=\"1024\" height=\"1024\" src=\"https:\/\/ingilizceclass.online\/wp-content\/uploads\/2025\/02\/cartoon-English-teacher-and-teenage-students-1-1.jpg\" alt=\"\" class=\"wp-image-245\" srcset=\"https:\/\/ingilizceclass.online\/wp-content\/uploads\/2025\/02\/cartoon-English-teacher-and-teenage-students-1-1.jpg 1024w, https:\/\/ingilizceclass.online\/wp-content\/uploads\/2025\/02\/cartoon-English-teacher-and-teenage-students-1-1-300x300.jpg 300w, https:\/\/ingilizceclass.online\/wp-content\/uploads\/2025\/02\/cartoon-English-teacher-and-teenage-students-1-1-150x150.jpg 150w, https:\/\/ingilizceclass.online\/wp-content\/uploads\/2025\/02\/cartoon-English-teacher-and-teenage-students-1-1-768x768.jpg 768w\" sizes=\"auto, (max-width: 1024px) 100vw, 1024px\" \/><\/figure>\n<\/div>\n\n\n<ul class=\"wp-block-list\">\n<li><strong><img loading=\"lazy\" decoding=\"async\" width=\"30\" height=\"30\" class=\"wp-image-642\" style=\"width: 30px;\" src=\"https:\/\/ingilizceclass.online\/wp-content\/uploads\/2025\/03\/instagram.png\" alt=\"\" srcset=\"https:\/\/ingilizceclass.online\/wp-content\/uploads\/2025\/03\/instagram.png 512w, https:\/\/ingilizceclass.online\/wp-content\/uploads\/2025\/03\/instagram-300x300.png 300w, https:\/\/ingilizceclass.online\/wp-content\/uploads\/2025\/03\/instagram-150x150.png 150w\" sizes=\"auto, (max-width: 30px) 100vw, 30px\" \/><a href=\"https:\/\/www.instagram.com\/onlinengilizce?igsh=dmR3bDBhbGZkZXM0\">   Instagram<\/a><\/strong><\/li>\n<\/ul>\n\n\n\n<ul class=\"wp-block-list\">\n<li><strong><img loading=\"lazy\" decoding=\"async\" width=\"30\" height=\"30\" class=\"wp-image-644\" style=\"width: 30px;\" src=\"https:\/\/ingilizceclass.online\/wp-content\/uploads\/2025\/03\/channels4_profile.jpg\" alt=\"\" srcset=\"https:\/\/ingilizceclass.online\/wp-content\/uploads\/2025\/03\/channels4_profile.jpg 900w, https:\/\/ingilizceclass.online\/wp-content\/uploads\/2025\/03\/channels4_profile-300x300.jpg 300w, https:\/\/ingilizceclass.online\/wp-content\/uploads\/2025\/03\/channels4_profile-150x150.jpg 150w, https:\/\/ingilizceclass.online\/wp-content\/uploads\/2025\/03\/channels4_profile-768x768.jpg 768w\" sizes=\"auto, (max-width: 30px) 100vw, 30px\" \/>   <a href=\"https:\/\/www.tiktok.com\/@ingilizceclass.online?_t=ZS-8uKbeXMxnI9&amp;_r=1\">TikTok<\/a><\/strong><\/li>\n<\/ul>\n\n\n\n<ul class=\"wp-block-list\">\n<li><img loading=\"lazy\" decoding=\"async\" width=\"30\" height=\"22\" class=\"wp-image-646\" style=\"width: 30px;\" src=\"https:\/\/ingilizceclass.online\/wp-content\/uploads\/2025\/03\/youtube-logo-png-46016-1.png\" alt=\"\" srcset=\"https:\/\/ingilizceclass.online\/wp-content\/uploads\/2025\/03\/youtube-logo-png-46016-1.png 864w, https:\/\/ingilizceclass.online\/wp-content\/uploads\/2025\/03\/youtube-logo-png-46016-1-300x221.png 300w, https:\/\/ingilizceclass.online\/wp-content\/uploads\/2025\/03\/youtube-logo-png-46016-1-768x566.png 768w\" sizes=\"auto, (max-width: 30px) 100vw, 30px\" \/>   <a href=\"http:\/\/www.youtube.com\/@onlinengilizce\"><strong>You Tube<\/strong><\/a><\/li>\n<\/ul>\n","protected":false},"excerpt":{"rendered":"<p>Yeni \u0130ngilizce Kelimeler \u00d6\u011frenmek Art\u0131k \u00c7ok Kolay! Kelime bilginizi geli\u015ftirerek \u0130ngilizce konu\u015fma ve anlama becerinizi g\u00fc\u00e7lendirebilirsiniz. G\u00fcnl\u00fck hayatta en s\u0131k kullan\u0131lan kelimeleri \u00f6\u011frenerek, c\u00fcmle kurmakta zorlanmadan ileti\u015fim kurabilirsiniz. \u00d6ncelikle \u0130ngilizce seviye tespit s\u0131nav\u0131 ile seviyeni belirle, ard\u0131ndan sana \u00f6zel bir \u00f6\u011frenme plan\u0131 olu\u015fturay\u0131m! \u2714\ufe0f Online ders al ve diledi\u011fin yerden \u00f6\u011frenmeye ba\u015fla\u2714\ufe0f Hemen s\u0131n\u0131fa kay\u0131t [&hellip;]<\/p>\n","protected":false},"author":1,"featured_media":0,"parent":0,"menu_order":0,"comment_status":"closed","ping_status":"closed","template":"","meta":{"footnotes":""},"class_list":["post-237","page","type-page","status-publish","hentry"],"yoast_head":"<!-- This site is optimized with the Yoast SEO plugin v27.4 - https:\/\/yoast.com\/product\/yoast-seo-wordpress\/ -->\n<title>Yeni \u0130ngilizce kelimeler \u00f6\u011fren - ingilizceclass.online<\/title>\n<meta name=\"robots\" content=\"index, follow, max-snippet:-1, max-image-preview:large, max-video-preview:-1\" \/>\n<link rel=\"canonical\" href=\"https:\/\/ingilizceclass.online\/?page_id=237\" \/>\n<meta property=\"og:locale\" content=\"en_US\" \/>\n<meta property=\"og:type\" content=\"article\" \/>\n<meta property=\"og:title\" content=\"Yeni \u0130ngilizce kelimeler \u00f6\u011fren - ingilizceclass.online\" \/>\n<meta property=\"og:description\" content=\"Yeni \u0130ngilizce Kelimeler \u00d6\u011frenmek Art\u0131k \u00c7ok Kolay! Kelime bilginizi geli\u015ftirerek \u0130ngilizce konu\u015fma ve anlama becerinizi g\u00fc\u00e7lendirebilirsiniz. G\u00fcnl\u00fck hayatta en s\u0131k kullan\u0131lan kelimeleri \u00f6\u011frenerek, c\u00fcmle kurmakta zorlanmadan ileti\u015fim kurabilirsiniz. \u00d6ncelikle \u0130ngilizce seviye tespit s\u0131nav\u0131 ile seviyeni belirle, ard\u0131ndan sana \u00f6zel bir \u00f6\u011frenme plan\u0131 olu\u015fturay\u0131m! \u2714\ufe0f Online ders al ve diledi\u011fin yerden \u00f6\u011frenmeye ba\u015fla\u2714\ufe0f Hemen s\u0131n\u0131fa kay\u0131t [&hellip;]\" \/>\n<meta property=\"og:url\" content=\"https:\/\/ingilizceclass.online\/?page_id=237\" \/>\n<meta property=\"og:site_name\" content=\"ingilizceclass.online\" \/>\n<meta property=\"article:modified_time\" content=\"2025-03-01T23:22:47+00:00\" \/>\n<meta property=\"og:image\" content=\"https:\/\/ingilizceclass.online\/wp-content\/uploads\/2025\/02\/cartoon-English-teacher-and-teenage-students-1-1.jpg\" \/>\n<meta name=\"twitter:card\" content=\"summary_large_image\" \/>\n<meta name=\"twitter:label1\" content=\"Est. reading time\" \/>\n\t<meta name=\"twitter:data1\" content=\"2 minutes\" \/>\n<script type=\"application\/ld+json\" class=\"yoast-schema-graph\">{\"@context\":\"https:\\\/\\\/schema.org\",\"@graph\":[{\"@type\":\"WebPage\",\"@id\":\"https:\\\/\\\/ingilizceclass.online\\\/?page_id=237\",\"url\":\"https:\\\/\\\/ingilizceclass.online\\\/?page_id=237\",\"name\":\"Yeni \u0130ngilizce kelimeler \u00f6\u011fren - ingilizceclass.online\",\"isPartOf\":{\"@id\":\"https:\\\/\\\/ingilizceclass.online\\\/#website\"},\"primaryImageOfPage\":{\"@id\":\"https:\\\/\\\/ingilizceclass.online\\\/?page_id=237#primaryimage\"},\"image\":{\"@id\":\"https:\\\/\\\/ingilizceclass.online\\\/?page_id=237#primaryimage\"},\"thumbnailUrl\":\"https:\\\/\\\/ingilizceclass.online\\\/wp-content\\\/uploads\\\/2025\\\/02\\\/cartoon-English-teacher-and-teenage-students-1-1.jpg\",\"datePublished\":\"2025-02-17T08:00:31+00:00\",\"dateModified\":\"2025-03-01T23:22:47+00:00\",\"breadcrumb\":{\"@id\":\"https:\\\/\\\/ingilizceclass.online\\\/?page_id=237#breadcrumb\"},\"inLanguage\":\"en-US\",\"potentialAction\":[{\"@type\":\"ReadAction\",\"target\":[\"https:\\\/\\\/ingilizceclass.online\\\/?page_id=237\"]}]},{\"@type\":\"ImageObject\",\"inLanguage\":\"en-US\",\"@id\":\"https:\\\/\\\/ingilizceclass.online\\\/?page_id=237#primaryimage\",\"url\":\"https:\\\/\\\/ingilizceclass.online\\\/wp-content\\\/uploads\\\/2025\\\/02\\\/cartoon-English-teacher-and-teenage-students-1-1.jpg\",\"contentUrl\":\"https:\\\/\\\/ingilizceclass.online\\\/wp-content\\\/uploads\\\/2025\\\/02\\\/cartoon-English-teacher-and-teenage-students-1-1.jpg\",\"width\":1024,\"height\":1024},{\"@type\":\"BreadcrumbList\",\"@id\":\"https:\\\/\\\/ingilizceclass.online\\\/?page_id=237#breadcrumb\",\"itemListElement\":[{\"@type\":\"ListItem\",\"position\":1,\"name\":\"Home\",\"item\":\"https:\\\/\\\/ingilizceclass.online\\\/\"},{\"@type\":\"ListItem\",\"position\":2,\"name\":\"Yeni \u0130ngilizce kelimeler \u00f6\u011fren\"}]},{\"@type\":\"WebSite\",\"@id\":\"https:\\\/\\\/ingilizceclass.online\\\/#website\",\"url\":\"https:\\\/\\\/ingilizceclass.online\\\/\",\"name\":\"ingilizceclass.online\",\"description\":\"\",\"potentialAction\":[{\"@type\":\"SearchAction\",\"target\":{\"@type\":\"EntryPoint\",\"urlTemplate\":\"https:\\\/\\\/ingilizceclass.online\\\/?s={search_term_string}\"},\"query-input\":{\"@type\":\"PropertyValueSpecification\",\"valueRequired\":true,\"valueName\":\"search_term_string\"}}],\"inLanguage\":\"en-US\"}]}<\/script>\n<!-- \/ Yoast SEO plugin. -->","yoast_head_json":{"title":"Yeni \u0130ngilizce kelimeler \u00f6\u011fren - ingilizceclass.online","robots":{"index":"index","follow":"follow","max-snippet":"max-snippet:-1","max-image-preview":"max-image-preview:large","max-video-preview":"max-video-preview:-1"},"canonical":"https:\/\/ingilizceclass.online\/?page_id=237","og_locale":"en_US","og_type":"article","og_title":"Yeni \u0130ngilizce kelimeler \u00f6\u011fren - ingilizceclass.online","og_description":"Yeni \u0130ngilizce Kelimeler \u00d6\u011frenmek Art\u0131k \u00c7ok Kolay! Kelime bilginizi geli\u015ftirerek \u0130ngilizce konu\u015fma ve anlama becerinizi g\u00fc\u00e7lendirebilirsiniz. G\u00fcnl\u00fck hayatta en s\u0131k kullan\u0131lan kelimeleri \u00f6\u011frenerek, c\u00fcmle kurmakta zorlanmadan ileti\u015fim kurabilirsiniz. \u00d6ncelikle \u0130ngilizce seviye tespit s\u0131nav\u0131 ile seviyeni belirle, ard\u0131ndan sana \u00f6zel bir \u00f6\u011frenme plan\u0131 olu\u015fturay\u0131m! \u2714\ufe0f Online ders al ve diledi\u011fin yerden \u00f6\u011frenmeye ba\u015fla\u2714\ufe0f Hemen s\u0131n\u0131fa kay\u0131t [&hellip;]","og_url":"https:\/\/ingilizceclass.online\/?page_id=237","og_site_name":"ingilizceclass.online","article_modified_time":"2025-03-01T23:22:47+00:00","og_image":[{"url":"https:\/\/ingilizceclass.online\/wp-content\/uploads\/2025\/02\/cartoon-English-teacher-and-teenage-students-1-1.jpg","type":"","width":"","height":""}],"twitter_card":"summary_large_image","twitter_misc":{"Est. reading time":"2 minutes"},"schema":{"@context":"https:\/\/schema.org","@graph":[{"@type":"WebPage","@id":"https:\/\/ingilizceclass.online\/?page_id=237","url":"https:\/\/ingilizceclass.online\/?page_id=237","name":"Yeni \u0130ngilizce kelimeler \u00f6\u011fren - ingilizceclass.online","isPartOf":{"@id":"https:\/\/ingilizceclass.online\/#website"},"primaryImageOfPage":{"@id":"https:\/\/ingilizceclass.online\/?page_id=237#primaryimage"},"image":{"@id":"https:\/\/ingilizceclass.online\/?page_id=237#primaryimage"},"thumbnailUrl":"https:\/\/ingilizceclass.online\/wp-content\/uploads\/2025\/02\/cartoon-English-teacher-and-teenage-students-1-1.jpg","datePublished":"2025-02-17T08:00:31+00:00","dateModified":"2025-03-01T23:22:47+00:00","breadcrumb":{"@id":"https:\/\/ingilizceclass.online\/?page_id=237#breadcrumb"},"inLanguage":"en-US","potentialAction":[{"@type":"ReadAction","target":["https:\/\/ingilizceclass.online\/?page_id=237"]}]},{"@type":"ImageObject","inLanguage":"en-US","@id":"https:\/\/ingilizceclass.online\/?page_id=237#primaryimage","url":"https:\/\/ingilizceclass.online\/wp-content\/uploads\/2025\/02\/cartoon-English-teacher-and-teenage-students-1-1.jpg","contentUrl":"https:\/\/ingilizceclass.online\/wp-content\/uploads\/2025\/02\/cartoon-English-teacher-and-teenage-students-1-1.jpg","width":1024,"height":1024},{"@type":"BreadcrumbList","@id":"https:\/\/ingilizceclass.online\/?page_id=237#breadcrumb","itemListElement":[{"@type":"ListItem","position":1,"name":"Home","item":"https:\/\/ingilizceclass.online\/"},{"@type":"ListItem","position":2,"name":"Yeni \u0130ngilizce kelimeler \u00f6\u011fren"}]},{"@type":"WebSite","@id":"https:\/\/ingilizceclass.online\/#website","url":"https:\/\/ingilizceclass.online\/","name":"ingilizceclass.online","description":"","potentialAction":[{"@type":"SearchAction","target":{"@type":"EntryPoint","urlTemplate":"https:\/\/ingilizceclass.online\/?s={search_term_string}"},"query-input":{"@type":"PropertyValueSpecification","valueRequired":true,"valueName":"search_term_string"}}],"inLanguage":"en-US"}]}},"_links":{"self":[{"href":"https:\/\/ingilizceclass.online\/index.php?rest_route=\/wp\/v2\/pages\/237","targetHints":{"allow":["GET"]}}],"collection":[{"href":"https:\/\/ingilizceclass.online\/index.php?rest_route=\/wp\/v2\/pages"}],"about":[{"href":"https:\/\/ingilizceclass.online\/index.php?rest_route=\/wp\/v2\/types\/page"}],"author":[{"embeddable":true,"href":"https:\/\/ingilizceclass.online\/index.php?rest_route=\/wp\/v2\/users\/1"}],"replies":[{"embeddable":true,"href":"https:\/\/ingilizceclass.online\/index.php?rest_route=%2Fwp%2Fv2%2Fcomments&post=237"}],"version-history":[{"count":6,"href":"https:\/\/ingilizceclass.online\/index.php?rest_route=\/wp\/v2\/pages\/237\/revisions"}],"predecessor-version":[{"id":652,"href":"https:\/\/ingilizceclass.online\/index.php?rest_route=\/wp\/v2\/pages\/237\/revisions\/652"}],"wp:attachment":[{"href":"https:\/\/ingilizceclass.online\/index.php?rest_route=%2Fwp%2Fv2%2Fmedia&parent=237"}],"curies":[{"name":"wp","href":"https:\/\/api.w.org\/{rel}","templated":true}]}}