{"id":515,"date":"2025-02-28T07:19:38","date_gmt":"2025-02-28T07:19:38","guid":{"rendered":"https:\/\/ingilizceclass.online\/?page_id=515"},"modified":"2025-12-13T05:24:45","modified_gmt":"2025-12-13T05:24:45","slug":"anasayfa","status":"publish","type":"page","link":"https:\/\/ingilizceclass.online\/","title":{"rendered":"Anasayfa"},"content":{"rendered":"\n<div class=\"wp-block-group alignfull\" style=\"padding-top:var(--wp--preset--spacing--50);padding-right:var(--wp--preset--spacing--50);padding-bottom:var(--wp--preset--spacing--50);padding-left:var(--wp--preset--spacing--50)\"><div class=\"wp-block-group__inner-container is-layout-constrained wp-container-core-group-is-layout-490fa1db wp-block-group-is-layout-constrained\">\n<figure class=\"wp-block-gallery aligncenter has-nested-images columns-default is-cropped wp-block-gallery-1 is-layout-flex wp-block-gallery-is-layout-flex\"><\/figure>\n\n\n\n<p><\/p>\n\n\n\n<p><strong>\u00d6zel \u0130ngilizce Dersleri ile Seviyeni Y\u00fckselt!<\/strong><\/p>\n\n\n\n<p>\u0130ngilizce \u00f6\u011frenmek istiyor ama nereden ba\u015flayaca\u011f\u0131n\u0131 bilmiyor musun? <a href=\"https:\/\/ingilizceclass.online\/?page_id=46\">\u0130ngilizce seviye tespit s\u0131nav\u0131 <\/a>ile seviyeni belirle, sana en uygun program\u0131 birlikte olu\u015ftural\u0131m!<\/p>\n\n\n\n<p>\u2705 <a href=\"https:\/\/ingilizceclass.online\/?page_id=181\">Online ders al<\/a> ve esnek programlarla \u0130ngilizceyi kolayca \u00f6\u011fren<\/p>\n\n\n\n<p>\u2705 Hemen <a href=\"https:\/\/ingilizceclass.online\/?page_id=16\">s\u0131n\u0131fa kay\u0131t ol<\/a>, \u00f6\u011frenmeye ba\u015fla!<\/p>\n\n\n\n<p>\u2705 <a href=\"https:\/\/ingilizceclass.online\/?page_id=237\">Yeni \u0130ngilizce kelimeler \u00f6\u011fren<\/a>mek i\u00e7in t\u0131kla ve kelime da\u011farc\u0131\u011f\u0131n\u0131 geli\u015ftirDetaylar ve kay\u0131t i\u00e7in Anasayfa \u00fczerinden bize ula\u015fabilirsin! \ud83d\ude80<\/p>\n\n\n\n<div class=\"wp-block-group\"><div class=\"wp-block-group__inner-container is-layout-constrained wp-container-core-group-is-layout-650790e1 wp-block-group-is-layout-constrained\">\n<p class=\"has-text-align-center\"><\/p>\n\n\n\n<div class=\"wp-block-buttons is-content-justification-center is-layout-flex wp-container-core-buttons-is-layout-a89b3969 wp-block-buttons-is-layout-flex\">\n<div class=\"wp-block-button\"><a class=\"wp-block-button__link wp-element-button\" href=\"https:\/\/ingilizceclass.online\/?page_id=16\">ingilizce S\u0131n\u0131fa kaydol<\/a><\/div>\n<\/div>\n\n\n\n<div style=\"height:1.25rem\" aria-hidden=\"true\" class=\"wp-block-spacer\"><\/div>\n\n\n\n<figure class=\"wp-block-image alignwide size-full\"><img loading=\"lazy\" decoding=\"async\" width=\"1024\" height=\"1024\" src=\"https:\/\/ingilizceclass.online\/wp-content\/uploads\/2025\/03\/copilot_image_1740845597690.jpeg.jpg\" alt=\"\" class=\"wp-image-626\" srcset=\"https:\/\/ingilizceclass.online\/wp-content\/uploads\/2025\/03\/copilot_image_1740845597690.jpeg.jpg 1024w, https:\/\/ingilizceclass.online\/wp-content\/uploads\/2025\/03\/copilot_image_1740845597690.jpeg-300x300.jpg 300w, https:\/\/ingilizceclass.online\/wp-content\/uploads\/2025\/03\/copilot_image_1740845597690.jpeg-150x150.jpg 150w, https:\/\/ingilizceclass.online\/wp-content\/uploads\/2025\/03\/copilot_image_1740845597690.jpeg-768x768.jpg 768w\" sizes=\"auto, (max-width: 1024px) 100vw, 1024px\" \/><\/figure>\n<\/div><\/div>\n\n\n\n<p><strong>Hastaglar:<\/strong><br>#\u0130ngilizceDersi #\u00d6zel\u0130ngilizce #Online\u0130ngilizce #\u0130ngilizceKonu\u015fma #\u0130ngilizce\u00d6\u011fretmeni #\u0130stanbul\u0130ngilizce #\u0130ngilizceKursu #YDSHaz\u0131rl\u0131k #\u0130ngilizce\u00d6\u011frenmek #IELTSKursu<\/p>\n\n\n\n<hr class=\"wp-block-separator has-alpha-channel-opacity\"\/>\n\n\n\n<h5 class=\"wp-block-heading\"><br>Learn English online with affordable private English lessons and one-on-one English speaking practice. Join our IELTS preparation classes and study with the best English teacher in Istanbul. Speaking English has never been this easy!<\/h5>\n\n\n\n<p><strong>Hashtags:<\/strong><br>#PrivateEnglishLessons #OnlineEnglishTutor #EnglishTeacher #LearnEnglishOnline #IELTSPreparation #EnglishClasses #SpeakEnglish #AffordableEnglish #EnglishForTurkish #EnglishSpeakingPractice<\/p>\n<\/div><\/div>\n\n\n\n<ul class=\"wp-block-list\">\n<li><strong><img loading=\"lazy\" decoding=\"async\" width=\"30\" height=\"30\" class=\"wp-image-642\" style=\"width: 30px;\" src=\"https:\/\/ingilizceclass.online\/wp-content\/uploads\/2025\/03\/instagram.png\" alt=\"\" srcset=\"https:\/\/ingilizceclass.online\/wp-content\/uploads\/2025\/03\/instagram.png 512w, https:\/\/ingilizceclass.online\/wp-content\/uploads\/2025\/03\/instagram-300x300.png 300w, https:\/\/ingilizceclass.online\/wp-content\/uploads\/2025\/03\/instagram-150x150.png 150w\" sizes=\"auto, (max-width: 30px) 100vw, 30px\" \/><a href=\"https:\/\/www.instagram.com\/onlinengilizce?igsh=dmR3bDBhbGZkZXM0\">   Instagram<\/a><\/strong><\/li>\n<\/ul>\n\n\n\n<ul class=\"wp-block-list\">\n<li><strong><img loading=\"lazy\" decoding=\"async\" width=\"30\" height=\"30\" class=\"wp-image-644\" style=\"width: 30px;\" src=\"https:\/\/ingilizceclass.online\/wp-content\/uploads\/2025\/03\/channels4_profile.jpg\" alt=\"\" srcset=\"https:\/\/ingilizceclass.online\/wp-content\/uploads\/2025\/03\/channels4_profile.jpg 900w, https:\/\/ingilizceclass.online\/wp-content\/uploads\/2025\/03\/channels4_profile-300x300.jpg 300w, https:\/\/ingilizceclass.online\/wp-content\/uploads\/2025\/03\/channels4_profile-150x150.jpg 150w, https:\/\/ingilizceclass.online\/wp-content\/uploads\/2025\/03\/channels4_profile-768x768.jpg 768w\" sizes=\"auto, (max-width: 30px) 100vw, 30px\" \/>   <a href=\"https:\/\/www.tiktok.com\/@ingilizceclass.online?_t=ZS-8uKbeXMxnI9&amp;_r=1\">TikTok<\/a><\/strong><\/li>\n<\/ul>\n\n\n\n<ul class=\"wp-block-list\">\n<li><img loading=\"lazy\" decoding=\"async\" width=\"30\" height=\"22\" class=\"wp-image-646\" style=\"width: 30px;\" src=\"https:\/\/ingilizceclass.online\/wp-content\/uploads\/2025\/03\/youtube-logo-png-46016-1.png\" alt=\"\" srcset=\"https:\/\/ingilizceclass.online\/wp-content\/uploads\/2025\/03\/youtube-logo-png-46016-1.png 864w, https:\/\/ingilizceclass.online\/wp-content\/uploads\/2025\/03\/youtube-logo-png-46016-1-300x221.png 300w, https:\/\/ingilizceclass.online\/wp-content\/uploads\/2025\/03\/youtube-logo-png-46016-1-768x566.png 768w\" sizes=\"auto, (max-width: 30px) 100vw, 30px\" \/>   <a href=\"http:\/\/www.youtube.com\/@onlinengilizce\"><strong>You Tube<\/strong><\/a><\/li>\n<\/ul>\n\n\n\n<p><\/p>\n","protected":false},"excerpt":{"rendered":"<p>\u00d6zel \u0130ngilizce Dersleri ile Seviyeni Y\u00fckselt! \u0130ngilizce \u00f6\u011frenmek istiyor ama nereden ba\u015flayaca\u011f\u0131n\u0131 bilmiyor musun? \u0130ngilizce seviye tespit s\u0131nav\u0131 ile seviyeni belirle, sana en uygun program\u0131 birlikte olu\u015ftural\u0131m! \u2705 Online ders al ve esnek programlarla \u0130ngilizceyi kolayca \u00f6\u011fren \u2705 Hemen s\u0131n\u0131fa kay\u0131t ol, \u00f6\u011frenmeye ba\u015fla! \u2705 Yeni \u0130ngilizce kelimeler \u00f6\u011frenmek i\u00e7in t\u0131kla ve kelime da\u011farc\u0131\u011f\u0131n\u0131 geli\u015ftirDetaylar [&hellip;]<\/p>\n","protected":false},"author":1,"featured_media":0,"parent":0,"menu_order":0,"comment_status":"closed","ping_status":"closed","template":"","meta":{"footnotes":""},"class_list":["post-515","page","type-page","status-publish","hentry"],"yoast_head":"<!-- This site is optimized with the Yoast SEO plugin v27.4 - https:\/\/yoast.com\/product\/yoast-seo-wordpress\/ -->\n<title>Anasayfa - ingilizceclass.online<\/title>\n<meta name=\"robots\" content=\"index, follow, max-snippet:-1, max-image-preview:large, max-video-preview:-1\" \/>\n<link rel=\"canonical\" href=\"https:\/\/ingilizceclass.online\/\" \/>\n<meta property=\"og:locale\" content=\"en_US\" \/>\n<meta property=\"og:type\" content=\"article\" \/>\n<meta property=\"og:title\" content=\"Anasayfa - ingilizceclass.online\" \/>\n<meta property=\"og:description\" content=\"\u00d6zel \u0130ngilizce Dersleri ile Seviyeni Y\u00fckselt! \u0130ngilizce \u00f6\u011frenmek istiyor ama nereden ba\u015flayaca\u011f\u0131n\u0131 bilmiyor musun? \u0130ngilizce seviye tespit s\u0131nav\u0131 ile seviyeni belirle, sana en uygun program\u0131 birlikte olu\u015ftural\u0131m! \u2705 Online ders al ve esnek programlarla \u0130ngilizceyi kolayca \u00f6\u011fren \u2705 Hemen s\u0131n\u0131fa kay\u0131t ol, \u00f6\u011frenmeye ba\u015fla! \u2705 Yeni \u0130ngilizce kelimeler \u00f6\u011frenmek i\u00e7in t\u0131kla ve kelime da\u011farc\u0131\u011f\u0131n\u0131 geli\u015ftirDetaylar [&hellip;]\" \/>\n<meta property=\"og:url\" content=\"https:\/\/ingilizceclass.online\/\" \/>\n<meta property=\"og:site_name\" content=\"ingilizceclass.online\" \/>\n<meta property=\"article:modified_time\" content=\"2025-12-13T05:24:45+00:00\" \/>\n<meta property=\"og:image\" content=\"https:\/\/ingilizceclass.online\/wp-content\/uploads\/2025\/03\/copilot_image_1740845597690.jpeg.jpg\" \/>\n\t<meta property=\"og:image:width\" content=\"1024\" \/>\n\t<meta property=\"og:image:height\" content=\"1024\" \/>\n\t<meta property=\"og:image:type\" content=\"image\/jpeg\" \/>\n<meta name=\"twitter:card\" content=\"summary_large_image\" \/>\n<meta name=\"twitter:label1\" content=\"Est. reading time\" \/>\n\t<meta name=\"twitter:data1\" content=\"2 minutes\" \/>\n<script type=\"application\/ld+json\" class=\"yoast-schema-graph\">{\"@context\":\"https:\\\/\\\/schema.org\",\"@graph\":[{\"@type\":\"WebPage\",\"@id\":\"https:\\\/\\\/ingilizceclass.online\\\/\",\"url\":\"https:\\\/\\\/ingilizceclass.online\\\/\",\"name\":\"Anasayfa - ingilizceclass.online\",\"isPartOf\":{\"@id\":\"https:\\\/\\\/ingilizceclass.online\\\/#website\"},\"primaryImageOfPage\":{\"@id\":\"https:\\\/\\\/ingilizceclass.online\\\/#primaryimage\"},\"image\":{\"@id\":\"https:\\\/\\\/ingilizceclass.online\\\/#primaryimage\"},\"thumbnailUrl\":\"https:\\\/\\\/ingilizceclass.online\\\/wp-content\\\/uploads\\\/2025\\\/03\\\/copilot_image_1740845597690.jpeg.jpg\",\"datePublished\":\"2025-02-28T07:19:38+00:00\",\"dateModified\":\"2025-12-13T05:24:45+00:00\",\"breadcrumb\":{\"@id\":\"https:\\\/\\\/ingilizceclass.online\\\/#breadcrumb\"},\"inLanguage\":\"en-US\",\"potentialAction\":[{\"@type\":\"ReadAction\",\"target\":[\"https:\\\/\\\/ingilizceclass.online\\\/\"]}]},{\"@type\":\"ImageObject\",\"inLanguage\":\"en-US\",\"@id\":\"https:\\\/\\\/ingilizceclass.online\\\/#primaryimage\",\"url\":\"https:\\\/\\\/ingilizceclass.online\\\/wp-content\\\/uploads\\\/2025\\\/03\\\/copilot_image_1740845597690.jpeg.jpg\",\"contentUrl\":\"https:\\\/\\\/ingilizceclass.online\\\/wp-content\\\/uploads\\\/2025\\\/03\\\/copilot_image_1740845597690.jpeg.jpg\",\"width\":1024,\"height\":1024},{\"@type\":\"BreadcrumbList\",\"@id\":\"https:\\\/\\\/ingilizceclass.online\\\/#breadcrumb\",\"itemListElement\":[{\"@type\":\"ListItem\",\"position\":1,\"name\":\"Home\",\"item\":\"https:\\\/\\\/ingilizceclass.online\\\/\"},{\"@type\":\"ListItem\",\"position\":2,\"name\":\"Anasayfa\"}]},{\"@type\":\"WebSite\",\"@id\":\"https:\\\/\\\/ingilizceclass.online\\\/#website\",\"url\":\"https:\\\/\\\/ingilizceclass.online\\\/\",\"name\":\"ingilizceclass.online\",\"description\":\"\",\"potentialAction\":[{\"@type\":\"SearchAction\",\"target\":{\"@type\":\"EntryPoint\",\"urlTemplate\":\"https:\\\/\\\/ingilizceclass.online\\\/?s={search_term_string}\"},\"query-input\":{\"@type\":\"PropertyValueSpecification\",\"valueRequired\":true,\"valueName\":\"search_term_string\"}}],\"inLanguage\":\"en-US\"}]}<\/script>\n<!-- \/ Yoast SEO plugin. -->","yoast_head_json":{"title":"Anasayfa - ingilizceclass.online","robots":{"index":"index","follow":"follow","max-snippet":"max-snippet:-1","max-image-preview":"max-image-preview:large","max-video-preview":"max-video-preview:-1"},"canonical":"https:\/\/ingilizceclass.online\/","og_locale":"en_US","og_type":"article","og_title":"Anasayfa - ingilizceclass.online","og_description":"\u00d6zel \u0130ngilizce Dersleri ile Seviyeni Y\u00fckselt! \u0130ngilizce \u00f6\u011frenmek istiyor ama nereden ba\u015flayaca\u011f\u0131n\u0131 bilmiyor musun? \u0130ngilizce seviye tespit s\u0131nav\u0131 ile seviyeni belirle, sana en uygun program\u0131 birlikte olu\u015ftural\u0131m! \u2705 Online ders al ve esnek programlarla \u0130ngilizceyi kolayca \u00f6\u011fren \u2705 Hemen s\u0131n\u0131fa kay\u0131t ol, \u00f6\u011frenmeye ba\u015fla! \u2705 Yeni \u0130ngilizce kelimeler \u00f6\u011frenmek i\u00e7in t\u0131kla ve kelime da\u011farc\u0131\u011f\u0131n\u0131 geli\u015ftirDetaylar [&hellip;]","og_url":"https:\/\/ingilizceclass.online\/","og_site_name":"ingilizceclass.online","article_modified_time":"2025-12-13T05:24:45+00:00","og_image":[{"width":1024,"height":1024,"url":"https:\/\/ingilizceclass.online\/wp-content\/uploads\/2025\/03\/copilot_image_1740845597690.jpeg.jpg","type":"image\/jpeg"}],"twitter_card":"summary_large_image","twitter_misc":{"Est. reading time":"2 minutes"},"schema":{"@context":"https:\/\/schema.org","@graph":[{"@type":"WebPage","@id":"https:\/\/ingilizceclass.online\/","url":"https:\/\/ingilizceclass.online\/","name":"Anasayfa - ingilizceclass.online","isPartOf":{"@id":"https:\/\/ingilizceclass.online\/#website"},"primaryImageOfPage":{"@id":"https:\/\/ingilizceclass.online\/#primaryimage"},"image":{"@id":"https:\/\/ingilizceclass.online\/#primaryimage"},"thumbnailUrl":"https:\/\/ingilizceclass.online\/wp-content\/uploads\/2025\/03\/copilot_image_1740845597690.jpeg.jpg","datePublished":"2025-02-28T07:19:38+00:00","dateModified":"2025-12-13T05:24:45+00:00","breadcrumb":{"@id":"https:\/\/ingilizceclass.online\/#breadcrumb"},"inLanguage":"en-US","potentialAction":[{"@type":"ReadAction","target":["https:\/\/ingilizceclass.online\/"]}]},{"@type":"ImageObject","inLanguage":"en-US","@id":"https:\/\/ingilizceclass.online\/#primaryimage","url":"https:\/\/ingilizceclass.online\/wp-content\/uploads\/2025\/03\/copilot_image_1740845597690.jpeg.jpg","contentUrl":"https:\/\/ingilizceclass.online\/wp-content\/uploads\/2025\/03\/copilot_image_1740845597690.jpeg.jpg","width":1024,"height":1024},{"@type":"BreadcrumbList","@id":"https:\/\/ingilizceclass.online\/#breadcrumb","itemListElement":[{"@type":"ListItem","position":1,"name":"Home","item":"https:\/\/ingilizceclass.online\/"},{"@type":"ListItem","position":2,"name":"Anasayfa"}]},{"@type":"WebSite","@id":"https:\/\/ingilizceclass.online\/#website","url":"https:\/\/ingilizceclass.online\/","name":"ingilizceclass.online","description":"","potentialAction":[{"@type":"SearchAction","target":{"@type":"EntryPoint","urlTemplate":"https:\/\/ingilizceclass.online\/?s={search_term_string}"},"query-input":{"@type":"PropertyValueSpecification","valueRequired":true,"valueName":"search_term_string"}}],"inLanguage":"en-US"}]}},"_links":{"self":[{"href":"https:\/\/ingilizceclass.online\/index.php?rest_route=\/wp\/v2\/pages\/515","targetHints":{"allow":["GET"]}}],"collection":[{"href":"https:\/\/ingilizceclass.online\/index.php?rest_route=\/wp\/v2\/pages"}],"about":[{"href":"https:\/\/ingilizceclass.online\/index.php?rest_route=\/wp\/v2\/types\/page"}],"author":[{"embeddable":true,"href":"https:\/\/ingilizceclass.online\/index.php?rest_route=\/wp\/v2\/users\/1"}],"replies":[{"embeddable":true,"href":"https:\/\/ingilizceclass.online\/index.php?rest_route=%2Fwp%2Fv2%2Fcomments&post=515"}],"version-history":[{"count":5,"href":"https:\/\/ingilizceclass.online\/index.php?rest_route=\/wp\/v2\/pages\/515\/revisions"}],"predecessor-version":[{"id":749,"href":"https:\/\/ingilizceclass.online\/index.php?rest_route=\/wp\/v2\/pages\/515\/revisions\/749"}],"wp:attachment":[{"href":"https:\/\/ingilizceclass.online\/index.php?rest_route=%2Fwp%2Fv2%2Fmedia&parent=515"}],"curies":[{"name":"wp","href":"https:\/\/api.w.org\/{rel}","templated":true}]}}