{"id":702,"date":"2025-10-16T03:11:02","date_gmt":"2025-10-16T03:11:02","guid":{"rendered":"https:\/\/ingilizceclass.online\/?page_id=702"},"modified":"2025-11-26T23:06:31","modified_gmt":"2025-11-26T23:06:31","slug":"my-courses","status":"publish","type":"page","link":"https:\/\/ingilizceclass.online\/?page_id=702","title":{"rendered":"My courses"},"content":{"rendered":"\n<p>\u0130ngilizce e\u011fitim videolar\u0131m\u0131n ilk b\u00f6l\u00fcm\u00fc size \u00fccretsiz olarak sunulmu\u015ftur.<br>Devam eden b\u00f6l\u00fcmlere eri\u015fim sa\u011flamak i\u00e7in &#8220;S\u0131n\u0131fa Kaydol&#8221; sayfas\u0131ndan bilgilerinizi g\u00f6nderebilirsiniz.<br>En k\u0131sa s\u00fcrede sizinle ileti\u015fime ge\u00e7ip e\u011fitim paketini sat\u0131n alma s\u00fcreci hakk\u0131nda bilgi verece\u011fim.<\/p>\n\n\n<div class=\"logged-out wp-block-loginout\"><a rel=\"nofollow\" href=\"https:\/\/ingilizceclass.online\/?action=login&#038;redirect_to=https%3A%2F%2Fingilizceclass.online%2Findex.php%3Frest_route%3D%252Fwp%252Fv2%252Fpages%252F702\">Log in<\/a><\/div>\n\n\n<figure class=\"wp-block-embed is-type-video is-provider-youtube wp-block-embed-youtube wp-embed-aspect-16-9 wp-has-aspect-ratio\"><div class=\"wp-block-embed__wrapper\">\n<iframe loading=\"lazy\" title=\"level A1 lesson 1\" width=\"500\" height=\"281\" src=\"https:\/\/www.youtube.com\/embed\/6V2M0e9h-PI?feature=oembed\" frameborder=\"0\" allow=\"accelerometer; autoplay; clipboard-write; encrypted-media; gyroscope; picture-in-picture; web-share\" referrerpolicy=\"strict-origin-when-cross-origin\" allowfullscreen><\/iframe>\n<\/div><\/figure>\n","protected":false},"excerpt":{"rendered":"<p>\u0130ngilizce e\u011fitim videolar\u0131m\u0131n ilk b\u00f6l\u00fcm\u00fc size \u00fccretsiz olarak sunulmu\u015ftur.Devam eden b\u00f6l\u00fcmlere eri\u015fim sa\u011flamak i\u00e7in &#8220;S\u0131n\u0131fa Kaydol&#8221; sayfas\u0131ndan bilgilerinizi g\u00f6nderebilirsiniz.En k\u0131sa s\u00fcrede sizinle ileti\u015fime ge\u00e7ip e\u011fitim paketini sat\u0131n alma s\u00fcreci hakk\u0131nda bilgi verece\u011fim.<\/p>\n","protected":false},"author":1,"featured_media":0,"parent":0,"menu_order":0,"comment_status":"closed","ping_status":"closed","template":"","meta":{"footnotes":""},"class_list":["post-702","page","type-page","status-publish","hentry"],"yoast_head":"<!-- This site is optimized with the Yoast SEO plugin v27.4 - https:\/\/yoast.com\/product\/yoast-seo-wordpress\/ -->\n<title>My courses - ingilizceclass.online<\/title>\n<meta name=\"robots\" content=\"index, follow, max-snippet:-1, max-image-preview:large, max-video-preview:-1\" \/>\n<link rel=\"canonical\" href=\"https:\/\/ingilizceclass.online\/?page_id=702\" \/>\n<meta property=\"og:locale\" content=\"en_US\" \/>\n<meta property=\"og:type\" content=\"article\" \/>\n<meta property=\"og:title\" content=\"My courses - ingilizceclass.online\" \/>\n<meta property=\"og:description\" content=\"\u0130ngilizce e\u011fitim videolar\u0131m\u0131n ilk b\u00f6l\u00fcm\u00fc size \u00fccretsiz olarak sunulmu\u015ftur.Devam eden b\u00f6l\u00fcmlere eri\u015fim sa\u011flamak i\u00e7in &#8220;S\u0131n\u0131fa Kaydol&#8221; sayfas\u0131ndan bilgilerinizi g\u00f6nderebilirsiniz.En k\u0131sa s\u00fcrede sizinle ileti\u015fime ge\u00e7ip e\u011fitim paketini sat\u0131n alma s\u00fcreci hakk\u0131nda bilgi verece\u011fim.\" \/>\n<meta property=\"og:url\" content=\"https:\/\/ingilizceclass.online\/?page_id=702\" \/>\n<meta property=\"og:site_name\" content=\"ingilizceclass.online\" \/>\n<meta property=\"article:modified_time\" content=\"2025-11-26T23:06:31+00:00\" \/>\n<meta name=\"twitter:card\" content=\"summary_large_image\" \/>\n<meta name=\"twitter:label1\" content=\"Est. reading time\" \/>\n\t<meta name=\"twitter:data1\" content=\"1 minute\" \/>\n<script type=\"application\/ld+json\" class=\"yoast-schema-graph\">{\"@context\":\"https:\\\/\\\/schema.org\",\"@graph\":[{\"@type\":\"WebPage\",\"@id\":\"https:\\\/\\\/ingilizceclass.online\\\/?page_id=702\",\"url\":\"https:\\\/\\\/ingilizceclass.online\\\/?page_id=702\",\"name\":\"My courses - ingilizceclass.online\",\"isPartOf\":{\"@id\":\"https:\\\/\\\/ingilizceclass.online\\\/#website\"},\"datePublished\":\"2025-10-16T03:11:02+00:00\",\"dateModified\":\"2025-11-26T23:06:31+00:00\",\"breadcrumb\":{\"@id\":\"https:\\\/\\\/ingilizceclass.online\\\/?page_id=702#breadcrumb\"},\"inLanguage\":\"en-US\",\"potentialAction\":[{\"@type\":\"ReadAction\",\"target\":[\"https:\\\/\\\/ingilizceclass.online\\\/?page_id=702\"]}]},{\"@type\":\"BreadcrumbList\",\"@id\":\"https:\\\/\\\/ingilizceclass.online\\\/?page_id=702#breadcrumb\",\"itemListElement\":[{\"@type\":\"ListItem\",\"position\":1,\"name\":\"Home\",\"item\":\"https:\\\/\\\/ingilizceclass.online\\\/\"},{\"@type\":\"ListItem\",\"position\":2,\"name\":\"My courses\"}]},{\"@type\":\"WebSite\",\"@id\":\"https:\\\/\\\/ingilizceclass.online\\\/#website\",\"url\":\"https:\\\/\\\/ingilizceclass.online\\\/\",\"name\":\"ingilizceclass.online\",\"description\":\"\",\"potentialAction\":[{\"@type\":\"SearchAction\",\"target\":{\"@type\":\"EntryPoint\",\"urlTemplate\":\"https:\\\/\\\/ingilizceclass.online\\\/?s={search_term_string}\"},\"query-input\":{\"@type\":\"PropertyValueSpecification\",\"valueRequired\":true,\"valueName\":\"search_term_string\"}}],\"inLanguage\":\"en-US\"}]}<\/script>\n<!-- \/ Yoast SEO plugin. -->","yoast_head_json":{"title":"My courses - ingilizceclass.online","robots":{"index":"index","follow":"follow","max-snippet":"max-snippet:-1","max-image-preview":"max-image-preview:large","max-video-preview":"max-video-preview:-1"},"canonical":"https:\/\/ingilizceclass.online\/?page_id=702","og_locale":"en_US","og_type":"article","og_title":"My courses - ingilizceclass.online","og_description":"\u0130ngilizce e\u011fitim videolar\u0131m\u0131n ilk b\u00f6l\u00fcm\u00fc size \u00fccretsiz olarak sunulmu\u015ftur.Devam eden b\u00f6l\u00fcmlere eri\u015fim sa\u011flamak i\u00e7in &#8220;S\u0131n\u0131fa Kaydol&#8221; sayfas\u0131ndan bilgilerinizi g\u00f6nderebilirsiniz.En k\u0131sa s\u00fcrede sizinle ileti\u015fime ge\u00e7ip e\u011fitim paketini sat\u0131n alma s\u00fcreci hakk\u0131nda bilgi verece\u011fim.","og_url":"https:\/\/ingilizceclass.online\/?page_id=702","og_site_name":"ingilizceclass.online","article_modified_time":"2025-11-26T23:06:31+00:00","twitter_card":"summary_large_image","twitter_misc":{"Est. reading time":"1 minute"},"schema":{"@context":"https:\/\/schema.org","@graph":[{"@type":"WebPage","@id":"https:\/\/ingilizceclass.online\/?page_id=702","url":"https:\/\/ingilizceclass.online\/?page_id=702","name":"My courses - ingilizceclass.online","isPartOf":{"@id":"https:\/\/ingilizceclass.online\/#website"},"datePublished":"2025-10-16T03:11:02+00:00","dateModified":"2025-11-26T23:06:31+00:00","breadcrumb":{"@id":"https:\/\/ingilizceclass.online\/?page_id=702#breadcrumb"},"inLanguage":"en-US","potentialAction":[{"@type":"ReadAction","target":["https:\/\/ingilizceclass.online\/?page_id=702"]}]},{"@type":"BreadcrumbList","@id":"https:\/\/ingilizceclass.online\/?page_id=702#breadcrumb","itemListElement":[{"@type":"ListItem","position":1,"name":"Home","item":"https:\/\/ingilizceclass.online\/"},{"@type":"ListItem","position":2,"name":"My courses"}]},{"@type":"WebSite","@id":"https:\/\/ingilizceclass.online\/#website","url":"https:\/\/ingilizceclass.online\/","name":"ingilizceclass.online","description":"","potentialAction":[{"@type":"SearchAction","target":{"@type":"EntryPoint","urlTemplate":"https:\/\/ingilizceclass.online\/?s={search_term_string}"},"query-input":{"@type":"PropertyValueSpecification","valueRequired":true,"valueName":"search_term_string"}}],"inLanguage":"en-US"}]}},"_links":{"self":[{"href":"https:\/\/ingilizceclass.online\/index.php?rest_route=\/wp\/v2\/pages\/702","targetHints":{"allow":["GET"]}}],"collection":[{"href":"https:\/\/ingilizceclass.online\/index.php?rest_route=\/wp\/v2\/pages"}],"about":[{"href":"https:\/\/ingilizceclass.online\/index.php?rest_route=\/wp\/v2\/types\/page"}],"author":[{"embeddable":true,"href":"https:\/\/ingilizceclass.online\/index.php?rest_route=\/wp\/v2\/users\/1"}],"replies":[{"embeddable":true,"href":"https:\/\/ingilizceclass.online\/index.php?rest_route=%2Fwp%2Fv2%2Fcomments&post=702"}],"version-history":[{"count":5,"href":"https:\/\/ingilizceclass.online\/index.php?rest_route=\/wp\/v2\/pages\/702\/revisions"}],"predecessor-version":[{"id":740,"href":"https:\/\/ingilizceclass.online\/index.php?rest_route=\/wp\/v2\/pages\/702\/revisions\/740"}],"wp:attachment":[{"href":"https:\/\/ingilizceclass.online\/index.php?rest_route=%2Fwp%2Fv2%2Fmedia&parent=702"}],"curies":[{"name":"wp","href":"https:\/\/api.w.org\/{rel}","templated":true}]}}